{"id":21707,"date":"2020-05-06T20:05:40","date_gmt":"2020-05-06T18:05:40","guid":{"rendered":"https:\/\/www.valsanzibiogiardino.com\/?page_id=21707"},"modified":"2021-08-22T12:41:37","modified_gmt":"2021-08-22T10:41:37","slug":"regolamento-covid-19","status":"publish","type":"page","link":"https:\/\/www.valsanzibiogiardino.com\/it\/regolamento-covid-19\/","title":{"rendered":"REGOLAMENTO COVID 19"},"content":{"rendered":"<div class=\"wpb-content-wrapper\"><p>[vc_section][vc_row video_bg=&#8221;yes&#8221; bklyn_overlay=&#8221;true&#8221; bklyn_overlay_pattern=&#8221;true&#8221; bklyn_overlay_pattern_style=&#8221;bklyn-style-three&#8221; css=&#8221;.vc_custom_1550508555052{padding-top: 100px !important;padding-bottom: 100px !important;background-image: url(https:\/\/www.valsanzibiogiardino.it\/wp-content\/uploads\/2018\/05\/slide_galleria.jpg?id=16412) !important;background-position: center !important;background-repeat: no-repeat !important;background-size: cover !important;}&#8221; el_class=&#8221;mainTitleRow&#8221; video_bg_url=&#8221;https:\/\/youtu.be\/NF4at1JBaLA&#8221;][vc_column]<div class=\"wpb_content_element \"><style type=\"text\/css\">#ut_header_69d0454588d93 h2.section-title, #ut_header_69d0454588d93 h2.section-title span { color:#ffffff; }#ut_header_69d0454588d93 h2.section-title{ font-family: \"Oswald\";font-weight:300;font-style:normal; }#ut_header_69d0454588d93 h2.section-title{ font-size: 60px }#ut_header_69d0454588d93 .lead { color:#ffffff; }#ut_header_69d0454588d93 .lead p { color:#ffffff; }#ut_header_69d0454588d93.pt-style-2 .page-title span:after, #ut_header_69d0454588d93.pt-style-2 .parallax-title span:after, #ut_header_69d0454588d93.pt-style-2 .section-title span:after { background-color:#ffffff !important;}<\/style><header id=\"ut_header_69d0454588d93\" class=\"section-header  ut-no-title-linebreak-mobile ut-no-lead-linebreak-mobile pt-style-2 header-center header-tablet-center header-mobile-center\"><h2 data-title=\"REGOLAMENTO COVID 19\"  data-responsive-font=\"section_title\" data-responsive-font-settings=\"{&quot;base-font-size&quot;:&quot;60&quot;}\" class=\"section-title  \"><span>REGOLAMENTO COVID 19<\/span><\/h2><\/header><\/div>[\/vc_column][\/vc_row][\/vc_section][vc_row gap=&#8221;40&#8243; css=&#8221;.vc_custom_1550845658059{background-color: #ffffff !important;}&#8221;][vc_column width=&#8221;3\/4&#8243;][vc_column_text]<\/p>\n<p style=\"text-align: left;\">In ragione dell\u2019emergenza Covid 19, oltre alle \u2018<a href=\"https:\/\/www.valsanzibiogiardino.com\/it\/regole-di-visita-e-considerazioni\/\">ALCUNE REGOLE IMPORTANTI DA RISPETTARE DURANTE LA VISITA DEL GIARDINO<\/a>\u2019, la fruizione del Giardino Monumentale di Valsanzibio \u00e8 autorizzata previa lettura ed accettazione del \u2018REGOLAMENTO COVID 19\u2019. Entrambi i regolamenti sono esposti alla biglietteria d\u2019ingresso.<\/p>\n<p style=\"text-align: left;\">Con l\u2019acquisto del biglietto si conviene l\u2019accettazione unilaterale, senza revoche o concessioni possibili alcune, di ogni parte del regolamento restando e dimorando a proprio carico ogni eventuale trasgressione del regolamento che nel corso della visita venisse palesata o posta in essere.<\/p>\n<p style=\"text-align: left;\">In considerazione delle vaste dimensioni del Giardino e del numero di persone preposte alla vigilanza, i visitatori sono pertanto tenuti a seguire le qui riportate regole, ricadendo su di loro il peso economico di qualsivoglia multa o ammenda le autorit\u00e0 preposte dovessero declarare nel caso di comprovata contravvenzione.<\/p>\n<p style=\"text-align: left;\">La fruizione delle aree verdi \u00e8 consentita nella fascia oraria di regolare visita del Giardino Monumentale, nel rispetto delle misure gi\u00e0 in essere finalizzate al contenimento del contagio da Covid-19 e di quanto previsto dal DPCM del 13 Ottobre, 18 Ottobre, 3 Novembre 2020, dall\u2019ultima Ordinanza del 12 novembre 2020 della Regione Veneto e dal DPCM attualmente in vigore (DECRETO-LEGGE 23 luglio 2021 n. 105), e il Giardino non \u00e8 tenuto a richiedere il green pass o certificazione verde ai visitatori in quanto non rientra nelle categorie che devono invece farne richiesta, ma chi entra avr\u00e0 l\u2019obbligo:<\/p>\n<p style=\"text-align: left;\">\u2013 di avere con se la mascherina protettiva naso\/bocca e di indossarla dove pu\u00f2 diventare difficile mantenere il distanziamento sociale (visita al labirinto, bagni\/Toilette, Antiche Scuderie, altro eventuale);<br \/>\n\u2013 rispetto della distanza interpersonale di almeno 1 metro, sia nella fila di accesso che in quella di uscita al parco in prossimit\u00e0 della biglietteria, nonch\u00e9 nel perdurare della visita e assicurarvi che i minori rispettino le norme vigenti;<br \/>\n\u2013 sono previste come uniche due deroghe i casi di accompagnamento di minori e di persone non completamente autosufficienti per le quali \u00e8 consentito svolgere l\u2019accesso con una distanza inferiore;<br \/>\n\u2013 per chi vorr\u00e0 fare attivit\u00e0 attivit\u00e0 motoria (es: yoga) sar\u00e0 consentito solo nelle aree preposte e solo nel rispetto della distanza di sicurezza interpersonale di almeno due metri;<br \/>\n\u2013 vige il divieto assoluto di assembramento in qualsiasi parte del parco;<br \/>\n\u2013 il divieto assoluto di utilizzo delle aree gioco, di singoli giochi;<br \/>\n\u2013 vige altres\u00ec l\u2019obbligo del rispetto della distanza sociale anche nell\u2019uso delle panchine di almeno un metro;<br \/>\n\u2013 i servizi igienici sono fruibili e sono sanificati pi\u00f9 volte al giorno, ma devono essere usati solo con l\u2019obbligo dell\u2019uso della mascherina protettiva naso\/bocca e dei guanti protettivi;<br \/>\n\u2013 per chi ha febbre sopra i 37.5 gradi e sintomatologie respiratoria \u00e8 previsto l\u2019obbligo, e non pi\u00f9 solo la forte raccomandazione, di restare a casa e avvertire il proprio medico e di non recarsi al parco per qualsiasi ragione. Qualora sopravvenisse nel corso della visita il visitatore \u00e8 tenuto a recarsi immediatamente all\u2019uscita per non esporre s\u00e8 stesso ed altri a rischi di salute e contaminazione eventuali.<\/p>\n<p style=\"text-align: left;\">06 Agosto 2021, Giardino Monumentale di Valsanzibio<\/p>\n<p style=\"text-align: left;\">LA DIREZIONE<\/p>\n<p>[\/vc_column_text][\/vc_column][vc_column width=&#8221;1\/4&#8243;][\/vc_column][\/vc_row][vc_column width=&#8221;3\/5&#8243;][\/vc_column]<\/p>\n<\/div><!-- AddThis Advanced Settings generic via filter on the_content --><!-- AddThis Share Buttons generic via filter on the_content -->","protected":false},"excerpt":{"rendered":"<p>[vc_section][vc_row video_bg=&#8221;yes&#8221; bklyn_overlay=&#8221;true&#8221; bklyn_overlay_pattern=&#8221;true&#8221; bklyn_overlay_pattern_style=&#8221;bklyn-style-three&#8221; css=&#8221;.vc_custom_1550508555052{padding-top: 100px !important;padding-bottom: 100px !important;background-image: url(https:\/\/www.valsanzibiogiardino.it\/wp-content\/uploads\/2018\/05\/slide_galleria.jpg?id=16412) !important;background-position: center !important;background-repeat: no-repeat !important;background-size: cover !important;}&#8221; el_class=&#8221;mainTitleRow&#8221; video_bg_url=&#8221;https:\/\/youtu.be\/NF4at1JBaLA&#8221;][vc_column][\/vc_column][\/vc_row][\/vc_section][vc_row gap=&#8221;40&#8243; css=&#8221;.vc_custom_1550845658059{background-color: #ffffff !important;}&#8221;][vc_column width=&#8221;3\/4&#8243;][vc_column_text] In ragione dell\u2019emergenza Covid 19, oltre alle \u2018ALCUNE REGOLE IMPORTANTI DA RISPETTARE DURANTE LA VISITA DEL GIARDINO\u2019, la fruizione del Giardino Monumentale di Valsanzibio \u00e8 autorizzata previa lettura ed accettazione [&hellip;]<!-- AddThis Advanced Settings generic via filter on get_the_excerpt --><!-- AddThis Share Buttons generic via filter on get_the_excerpt --><\/p>\n","protected":false},"author":4,"featured_media":0,"parent":0,"menu_order":0,"comment_status":"closed","ping_status":"closed","template":"","meta":{"_monsterinsights_skip_tracking":false,"_monsterinsights_sitenote_active":false,"_monsterinsights_sitenote_note":"","_monsterinsights_sitenote_category":0,"ngg_post_thumbnail":0,"footnotes":""},"class_list":["post-21707","page","type-page","status-publish","hentry"],"yoast_head":"<!-- This site is optimized with the Yoast SEO plugin v27.3 - https:\/\/yoast.com\/product\/yoast-seo-wordpress\/ -->\n<title>REGOLAMENTO COVID 19 - Giardino Storico di Valsanzibio | Villa Barbarigo Pizzoni Ardemani | Galzignano Terme, Padova<\/title>\n<meta name=\"robots\" content=\"index, follow, max-snippet:-1, max-image-preview:large, max-video-preview:-1\" \/>\n<link rel=\"canonical\" href=\"https:\/\/www.valsanzibiogiardino.com\/it\/regolamento-covid-19\/\" \/>\n<meta name=\"twitter:label1\" content=\"Tempo di lettura stimato\" \/>\n\t<meta name=\"twitter:data1\" content=\"3 minuti\" \/>\n<script type=\"application\/ld+json\" class=\"yoast-schema-graph\">{\"@context\":\"https:\\\/\\\/schema.org\",\"@graph\":[{\"@type\":\"WebPage\",\"@id\":\"https:\\\/\\\/www.valsanzibiogiardino.com\\\/it\\\/regolamento-covid-19\\\/\",\"url\":\"https:\\\/\\\/www.valsanzibiogiardino.com\\\/it\\\/regolamento-covid-19\\\/\",\"name\":\"REGOLAMENTO COVID 19 - Giardino Storico di Valsanzibio | Villa Barbarigo Pizzoni Ardemani | Galzignano Terme, Padova\",\"isPartOf\":{\"@id\":\"https:\\\/\\\/www.valsanzibiogiardino.com\\\/it\\\/#website\"},\"datePublished\":\"2020-05-06T18:05:40+00:00\",\"dateModified\":\"2021-08-22T10:41:37+00:00\",\"breadcrumb\":{\"@id\":\"https:\\\/\\\/www.valsanzibiogiardino.com\\\/it\\\/regolamento-covid-19\\\/#breadcrumb\"},\"inLanguage\":\"it-IT\",\"potentialAction\":[{\"@type\":\"ReadAction\",\"target\":[\"https:\\\/\\\/www.valsanzibiogiardino.com\\\/it\\\/regolamento-covid-19\\\/\"]}]},{\"@type\":\"BreadcrumbList\",\"@id\":\"https:\\\/\\\/www.valsanzibiogiardino.com\\\/it\\\/regolamento-covid-19\\\/#breadcrumb\",\"itemListElement\":[{\"@type\":\"ListItem\",\"position\":1,\"name\":\"Home\",\"item\":\"https:\\\/\\\/www.valsanzibiogiardino.com\\\/it\\\/\"},{\"@type\":\"ListItem\",\"position\":2,\"name\":\"REGOLAMENTO COVID 19\"}]},{\"@type\":\"WebSite\",\"@id\":\"https:\\\/\\\/www.valsanzibiogiardino.com\\\/it\\\/#website\",\"url\":\"https:\\\/\\\/www.valsanzibiogiardino.com\\\/it\\\/\",\"name\":\"Giardino Storico di Valsanzibio | Villa Barbarigo Pizzoni Ardemani | Galzignano Terme, Padova\",\"description\":\"Il Giardino Storico di Valsanzibio si trova a Galzignano Terme, in provincia di Padova, ed \u00e8 uno dei pi\u00f9 estesi ed integri giardini d\u2019Epoca mondiali.\",\"potentialAction\":[{\"@type\":\"SearchAction\",\"target\":{\"@type\":\"EntryPoint\",\"urlTemplate\":\"https:\\\/\\\/www.valsanzibiogiardino.com\\\/it\\\/?s={search_term_string}\"},\"query-input\":{\"@type\":\"PropertyValueSpecification\",\"valueRequired\":true,\"valueName\":\"search_term_string\"}}],\"inLanguage\":\"it-IT\"}]}<\/script>\n<!-- \/ Yoast SEO plugin. -->","yoast_head_json":{"title":"REGOLAMENTO COVID 19 - Giardino Storico di Valsanzibio | Villa Barbarigo Pizzoni Ardemani | Galzignano Terme, Padova","robots":{"index":"index","follow":"follow","max-snippet":"max-snippet:-1","max-image-preview":"max-image-preview:large","max-video-preview":"max-video-preview:-1"},"canonical":"https:\/\/www.valsanzibiogiardino.com\/it\/regolamento-covid-19\/","twitter_misc":{"Tempo di lettura stimato":"3 minuti"},"schema":{"@context":"https:\/\/schema.org","@graph":[{"@type":"WebPage","@id":"https:\/\/www.valsanzibiogiardino.com\/it\/regolamento-covid-19\/","url":"https:\/\/www.valsanzibiogiardino.com\/it\/regolamento-covid-19\/","name":"REGOLAMENTO COVID 19 - Giardino Storico di Valsanzibio | Villa Barbarigo Pizzoni Ardemani | Galzignano Terme, Padova","isPartOf":{"@id":"https:\/\/www.valsanzibiogiardino.com\/it\/#website"},"datePublished":"2020-05-06T18:05:40+00:00","dateModified":"2021-08-22T10:41:37+00:00","breadcrumb":{"@id":"https:\/\/www.valsanzibiogiardino.com\/it\/regolamento-covid-19\/#breadcrumb"},"inLanguage":"it-IT","potentialAction":[{"@type":"ReadAction","target":["https:\/\/www.valsanzibiogiardino.com\/it\/regolamento-covid-19\/"]}]},{"@type":"BreadcrumbList","@id":"https:\/\/www.valsanzibiogiardino.com\/it\/regolamento-covid-19\/#breadcrumb","itemListElement":[{"@type":"ListItem","position":1,"name":"Home","item":"https:\/\/www.valsanzibiogiardino.com\/it\/"},{"@type":"ListItem","position":2,"name":"REGOLAMENTO COVID 19"}]},{"@type":"WebSite","@id":"https:\/\/www.valsanzibiogiardino.com\/it\/#website","url":"https:\/\/www.valsanzibiogiardino.com\/it\/","name":"Giardino Storico di Valsanzibio | Villa Barbarigo Pizzoni Ardemani | Galzignano Terme, Padova","description":"Il Giardino Storico di Valsanzibio si trova a Galzignano Terme, in provincia di Padova, ed \u00e8 uno dei pi\u00f9 estesi ed integri giardini d\u2019Epoca mondiali.","potentialAction":[{"@type":"SearchAction","target":{"@type":"EntryPoint","urlTemplate":"https:\/\/www.valsanzibiogiardino.com\/it\/?s={search_term_string}"},"query-input":{"@type":"PropertyValueSpecification","valueRequired":true,"valueName":"search_term_string"}}],"inLanguage":"it-IT"}]}},"_links":{"self":[{"href":"https:\/\/www.valsanzibiogiardino.com\/it\/wp-json\/wp\/v2\/pages\/21707","targetHints":{"allow":["GET"]}}],"collection":[{"href":"https:\/\/www.valsanzibiogiardino.com\/it\/wp-json\/wp\/v2\/pages"}],"about":[{"href":"https:\/\/www.valsanzibiogiardino.com\/it\/wp-json\/wp\/v2\/types\/page"}],"author":[{"embeddable":true,"href":"https:\/\/www.valsanzibiogiardino.com\/it\/wp-json\/wp\/v2\/users\/4"}],"replies":[{"embeddable":true,"href":"https:\/\/www.valsanzibiogiardino.com\/it\/wp-json\/wp\/v2\/comments?post=21707"}],"version-history":[{"count":12,"href":"https:\/\/www.valsanzibiogiardino.com\/it\/wp-json\/wp\/v2\/pages\/21707\/revisions"}],"predecessor-version":[{"id":21855,"href":"https:\/\/www.valsanzibiogiardino.com\/it\/wp-json\/wp\/v2\/pages\/21707\/revisions\/21855"}],"wp:attachment":[{"href":"https:\/\/www.valsanzibiogiardino.com\/it\/wp-json\/wp\/v2\/media?parent=21707"}],"curies":[{"name":"wp","href":"https:\/\/api.w.org\/{rel}","templated":true}]}}