{"id":20456,"date":"2019-03-02T14:16:05","date_gmt":"2019-03-02T13:16:05","guid":{"rendered":"https:\/\/www.valsanzibiogiardino.com\/?page_id=20456"},"modified":"2023-04-02T18:32:31","modified_gmt":"2023-04-02T16:32:31","slug":"renting-della-villa-per-vacanze-esclusive","status":"publish","type":"page","link":"https:\/\/www.valsanzibiogiardino.com\/it\/renting-della-villa-per-vacanze-esclusive\/","title":{"rendered":"\u2018RENTING\u2019 DELLA VILLA PER VACANZE ESCLUSIVE"},"content":{"rendered":"<div class=\"wpb-content-wrapper\"><p>[vc_row video_bg=&#8221;yes&#8221; bklyn_overlay=&#8221;true&#8221; bklyn_overlay_pattern=&#8221;true&#8221; bklyn_overlay_pattern_style=&#8221;bklyn-style-two&#8221; el_class=&#8221;mainTitleRow&#8221; css=&#8221;.vc_custom_1551532712191{padding-top: 100px !important;padding-bottom: 100px !important;background-image: url(https:\/\/www.valsanzibiogiardino.com\/wp-content\/uploads\/2019\/02\/Private-Dining.jpg?id=19318) !important;background-position: center !important;background-repeat: no-repeat !important;background-size: cover !important;}&#8221; video_bg_url=&#8221;https:\/\/youtu.be\/NF4at1JBaLA&#8221;][vc_column]<div class=\"wpb_content_element \"><style type=\"text\/css\">#ut_header_69efd596a125d h2.section-title, #ut_header_69efd596a125d h2.section-title span { color:#ffffff; }#ut_header_69efd596a125d h2.section-title{ font-family: \"Oswald\";font-weight:300;font-style:normal; }#ut_header_69efd596a125d h2.section-title{ font-size: 60px }#ut_header_69efd596a125d.pt-style-2 .page-title span:after, #ut_header_69efd596a125d.pt-style-2 .parallax-title span:after, #ut_header_69efd596a125d.pt-style-2 .section-title span:after { background-color:#ffffff !important;}<\/style><header id=\"ut_header_69efd596a125d\" class=\"section-header  ut-no-title-linebreak-mobile ut-no-lead-linebreak-mobile pt-style-2 header-center header-tablet-center header-mobile-center\"><h2 data-title=\"\u2018RENTING\u2019 DELLA VILLA PER VACANZE ESCLUSIVE\"  data-responsive-font=\"section_title\" data-responsive-font-settings=\"{&quot;base-font-size&quot;:&quot;60&quot;}\" class=\"section-title  \"><span>\u2018RENTING\u2019 DELLA VILLA PER VACANZE ESCLUSIVE<\/span><\/h2><\/header><\/div>[\/vc_column][\/vc_row][vc_row][vc_column][vc_column_text]<\/p>\n<p style=\"text-align: center;\"><strong>La Residenza del Doge in 9 ettari di giardino monumentale di fama mondiale<br \/>\ncon area piscina privata e confinante con un campo da Golf di 27 buche.<\/strong><\/p>\n<p style=\"text-align: justify;\"><strong>La&nbsp;Villa<\/strong>,&nbsp;realizzata nel 17\u00b0 secolo dai Barbarigo, una delle pi\u00f9 importanti e ricche famiglie Veneziane, si trova nell\u2019antico paese di Valsanzibio, frazione di Galzignano Terme (Padova), \u00e8 circondata dalla immacolata Valle di San Eusebio (da cui Valsanzibio) nei Colli Euganei, \u00e8 vicina ad innumerevoli centri termali (I pi\u00f9 vicini a soli 3 km, centri termali di Galzignano e Battaglia Terme) e si affaccia su uno dei pi\u00f9 importanti giardini storici del mondo citato su tutti i siti di informazione come anche Wikipedia. Inoltre, ad Est confina con il pi\u00f9 vecchio campo da Golf di 27 buche della regione (il <strong><a href=\"https:\/\/vimeo.com\/181758425\" target=\"_blank\" rel=\"noopener noreferrer\">&#8216;Golf Club di Padova&#8217;<\/a><\/strong>).<\/p>\n<p style=\"text-align: justify;\"><strong>Dove si trova<\/strong>: 18 km (20 minuti) sud\/est di Padova (la citt\u00e0 di Sant&#8217;Antonio \u2013 aereoporto per elicotteri e aerei privati); 30 km (30 minuti) da&nbsp;Vicenza (la citt\u00e0 di Palladio); 50 km (35 minuti) da Venezia (la citt\u00e0 sull&#8217;acqua \u2013 aereoporto internazionale per aerei di linea); 75 km (60 minuti) da&nbsp;Verona (la citt\u00e0 dell&#8217;amore e dell&#8217;arena &#8211; aereoporto internazionale per aerei di linea); 40 km (30 minuti) da&nbsp;Ferrara; 85 km (60 minuti) da&nbsp;Bologna (aereoporto internazionale per aerei di linea). Stazione ferroviaria e uscita autostradale: &nbsp;Terme Euganee o Monselice (circa a 7 km), rispettivamente&nbsp;per&nbsp;Padova, Milano o Venezia (verso il nord d&#8217;Italia), o per Ferrara, Bologna, Firenze e Roma (verso il sud d&#8217;Italia).<\/p>\n<p style=\"text-align: center;\"><iframe loading=\"lazy\" src=\"https:\/\/www.google.com\/maps\/embed?pb=!1m14!1m8!1m3!1d179337.44007222907!2d12.007932025331398!3d45.38619530765159!3m2!1i1024!2i768!4f13.1!3m3!1m2!1s0x477ee0708e66c891%3A0x97e6e294a08c4901!2sVia+Diana%2C+2!5e0!3m2!1sit!2sit!4v1401446408802\" width=\"100%\" height=\"600\" frameborder=\"0\" marginwidth=\"0\" marginheight=\"0\" scrolling=\"no\"><\/iframe><\/p>\n<p style=\"text-align: center;\"><strong>Ai piedi dei Colli Euganei<\/strong>, quest&#8217;area \u00e8 particolarmente nota per:<\/p>\n<p style=\"text-align: center;\"><strong><em>Il seicentesco giardino storico di 9 ettari,<br \/>\nil Monumentale giardino di Villa Barbarigo Pizzoni Ardemani.<\/em><\/strong><\/p>\n<p style=\"text-align: justify;\">Un giardino unico, anche conosciuto come la &#8216;Piccola Versailles&#8217; o la &#8216;Perla dei Colli Euganei&#8217;, realizzato su progetto del principale architetto e fontaniere Pontificio Luigi Bernini, dove ammirare il famose labirinto di bossi, tra gli unici nel suo genere e sicuramente uno dei pi\u00f9 importanti in Europa, l\u2019Isola dei conigli, il Monumento al Tempo, oltre 60 sculture di Enrico Marengo, e lo splendido portale di Diana. Un\u2019area magica dove passeggiare tra peschiere, fontane, scherzi d\u2019acqua, 60.000 mq di bossi alti fino a 5 metri, e centinaia di alberi secolari. Un luogo unico al mondo, circondato da un borgo medioevale ed immerso in una vallata integra ed inalterata da pi\u00f9 di 350&nbsp;anni. Qui il visitatore \u00e8 proiettato in una dimensione oggi giorno quasi del tutto scomparsa e, certamente, molto rara, dove la bellezza di madre natura si fonde in perfetta armonia con la bellezza forgiata dalla mano dell\u2019uomo;<\/p>\n<p style=\"text-align: center;\"><strong><em>The suggestive walking paths, mountain bike and<br \/>\nhorseback riding courses in the surrounding hills;<\/em><\/strong><\/p>\n<p style=\"text-align: center;\"><strong><em>Visiting other Venetian Villas (such as the Ville of the Brenta\u2019s Riviera, 18 km away),<br \/>\nthe Palladian houses or many charming medieval small towns in the surrounding<br \/>\n(Arqu\u00e0 Petrarca, 4 km; Monselice, 7 km; Este, 14 km; Montagnana, 25 km);<\/em><\/strong><\/p>\n<p style=\"text-align: center;\"><strong><em>The hot spring health facilities (Galzignano &amp; Battaglia Terme, 3 km away;<br \/>\nMontegrotto and Abano Terme, respectively 7,5 and 10 km away);<\/em><\/strong><\/p>\n<p style=\"text-align: center;\"><strong><em>The golf courses (<a href=\"http:\/\/www.golfclubpadova.it\/\" target=\"_blank\" rel=\"noopener noreferrer\">The Golf Course of Padova, 27 holes<\/a> \u2013 0,3 km away; <a href=\"http:\/\/www.golfgalzignano.it\/\" target=\"_blank\" rel=\"noopener noreferrer\">the Golf Club of Galzignano, 9 holes <\/a><br \/>\n\u2013 3,5 km away; <a href=\"http:\/\/www.golfmontecchia.it\/\" target=\"_blank\" rel=\"noopener noreferrer\">the Golf Club of Montecchia<\/a> and <a href=\"http:\/\/www.golffrassanelle.it\/\" target=\"_blank\" rel=\"noopener noreferrer\">the Golf Club of Frassanelle<\/a>, 27 holes \u2013 15 km away);<\/em><\/strong><\/p>\n<p style=\"text-align: center;\"><strong><em>The many wine, olive oil and food tasting facilities (the nearest ones within 2,5 km).<\/em><\/strong><\/p>\n<p style=\"text-align: justify;\"><strong>La Villa \u00e8 di propriet\u00e0 dei Nobili Pizzoni dei Conti Ardemani<\/strong>&nbsp;dal 1929 e fa parte di una tenuta di circa 200 ettari (95% della Valle di Valsanzibio e la maggior parte dell&#8217;Antico paesino di Valsanzibio). Gli ospiti possono affittare la casa padronale con libero accesso a circa 2 etttari di giardino e <a href=\"https:\/\/www.valsanzibiogiardino.com\/it\/?p=1609\" target=\"_blank\" rel=\"noopener noreferrer\"><strong>circa 0,5 ettari di Area Piscina<\/strong><\/a>&nbsp;chiusi ai visitatori del giardino storico. &nbsp;Inoltre, avranno accesso libero ai rimanenti 7 ettari di giardino storico e parco visitati giornalmente (accesso al giardino visitabile solo nei regolari orari di visita &#8211; <strong><a href=\"https:\/\/www.valsanzibiogiardino.it\/\" target=\"_blank\" rel=\"noopener noreferrer\">vedere alla voce VISITE per conoscere gli orari di apertura del giardino Monumentale<\/a><\/strong>).<\/p>\n<p style=\"text-align: center;\" align=\"justify\"><a href=\"https:\/\/www.valsanzibiogiardino.com\/it\/?p=4883\" target=\"_blank\" rel=\"noopener noreferrer\"><em><strong><span style=\"color: black;\"><span style=\"color: #900333;\">MAGGIORI DETTAGLI SUI SOGGIORNIIN VILLA, CLICCA QUI<\/span><\/span><\/strong><\/em><\/a><\/p>\nngg_shortcode_0_placeholder\n<p style=\"text-align: center;\"><strong>Foto sopra &#8211; l&#8217;area privata del giardino affittata con la Villa<\/strong><\/p>\n<p>[\/vc_column_text][\/vc_column][\/vc_row][vc_row][vc_column][vc_empty_space height=&#8221;70px&#8221;][\/vc_column][\/vc_row]<\/p>\n<\/div><!-- AddThis Advanced Settings generic via filter on the_content --><!-- AddThis Share Buttons generic via filter on the_content -->","protected":false},"excerpt":{"rendered":"<p>[vc_row video_bg=&#8221;yes&#8221; bklyn_overlay=&#8221;true&#8221; bklyn_overlay_pattern=&#8221;true&#8221; bklyn_overlay_pattern_style=&#8221;bklyn-style-two&#8221; el_class=&#8221;mainTitleRow&#8221; css=&#8221;.vc_custom_1551532712191{padding-top: 100px !important;padding-bottom: 100px !important;background-image: url(https:\/\/www.valsanzibiogiardino.com\/wp-content\/uploads\/2019\/02\/Private-Dining.jpg?id=19318) !important;background-position: center !important;background-repeat: no-repeat !important;background-size: cover !important;}&#8221; video_bg_url=&#8221;https:\/\/youtu.be\/NF4at1JBaLA&#8221;][vc_column][\/vc_column][\/vc_row][vc_row][vc_column][vc_column_text] La Residenza del Doge in 9 ettari di giardino monumentale di fama mondiale con area piscina privata e confinante con un campo da Golf di 27 buche. La&nbsp;Villa,&nbsp;realizzata nel 17\u00b0 secolo dai Barbarigo, una delle [&hellip;]<!-- AddThis Advanced Settings generic via filter on get_the_excerpt --><!-- AddThis Share Buttons generic via filter on get_the_excerpt --><\/p>\n","protected":false},"author":12,"featured_media":0,"parent":0,"menu_order":0,"comment_status":"closed","ping_status":"closed","template":"","meta":{"_monsterinsights_skip_tracking":false,"_monsterinsights_sitenote_active":false,"_monsterinsights_sitenote_note":"","_monsterinsights_sitenote_category":0,"ngg_post_thumbnail":0,"footnotes":""},"class_list":["post-20456","page","type-page","status-publish","hentry"],"yoast_head":"<!-- This site is optimized with the Yoast SEO plugin v27.3 - https:\/\/yoast.com\/product\/yoast-seo-wordpress\/ -->\n<title>\u2018RENTING\u2019 DELLA VILLA PER VACANZE ESCLUSIVE - Giardino Storico di Valsanzibio | Villa Barbarigo Pizzoni Ardemani | Galzignano Terme, Padova<\/title>\n<meta name=\"robots\" content=\"index, follow, max-snippet:-1, max-image-preview:large, max-video-preview:-1\" \/>\n<link rel=\"canonical\" href=\"https:\/\/www.valsanzibiogiardino.com\/it\/renting-della-villa-per-vacanze-esclusive\/\" \/>\n<meta name=\"twitter:label1\" content=\"Tempo di lettura stimato\" \/>\n\t<meta name=\"twitter:data1\" content=\"4 minuti\" \/>\n<script type=\"application\/ld+json\" class=\"yoast-schema-graph\">{\"@context\":\"https:\\\/\\\/schema.org\",\"@graph\":[{\"@type\":\"WebPage\",\"@id\":\"https:\\\/\\\/www.valsanzibiogiardino.com\\\/it\\\/renting-della-villa-per-vacanze-esclusive\\\/\",\"url\":\"https:\\\/\\\/www.valsanzibiogiardino.com\\\/it\\\/renting-della-villa-per-vacanze-esclusive\\\/\",\"name\":\"\u2018RENTING\u2019 DELLA VILLA PER VACANZE ESCLUSIVE - Giardino Storico di Valsanzibio | Villa Barbarigo Pizzoni Ardemani | Galzignano Terme, Padova\",\"isPartOf\":{\"@id\":\"https:\\\/\\\/www.valsanzibiogiardino.com\\\/it\\\/#website\"},\"datePublished\":\"2019-03-02T13:16:05+00:00\",\"dateModified\":\"2023-04-02T16:32:31+00:00\",\"breadcrumb\":{\"@id\":\"https:\\\/\\\/www.valsanzibiogiardino.com\\\/it\\\/renting-della-villa-per-vacanze-esclusive\\\/#breadcrumb\"},\"inLanguage\":\"it-IT\",\"potentialAction\":[{\"@type\":\"ReadAction\",\"target\":[\"https:\\\/\\\/www.valsanzibiogiardino.com\\\/it\\\/renting-della-villa-per-vacanze-esclusive\\\/\"]}]},{\"@type\":\"BreadcrumbList\",\"@id\":\"https:\\\/\\\/www.valsanzibiogiardino.com\\\/it\\\/renting-della-villa-per-vacanze-esclusive\\\/#breadcrumb\",\"itemListElement\":[{\"@type\":\"ListItem\",\"position\":1,\"name\":\"Home\",\"item\":\"https:\\\/\\\/www.valsanzibiogiardino.com\\\/it\\\/\"},{\"@type\":\"ListItem\",\"position\":2,\"name\":\"\u2018RENTING\u2019 DELLA VILLA PER VACANZE ESCLUSIVE\"}]},{\"@type\":\"WebSite\",\"@id\":\"https:\\\/\\\/www.valsanzibiogiardino.com\\\/it\\\/#website\",\"url\":\"https:\\\/\\\/www.valsanzibiogiardino.com\\\/it\\\/\",\"name\":\"Giardino Storico di Valsanzibio | Villa Barbarigo Pizzoni Ardemani | Galzignano Terme, Padova\",\"description\":\"Il Giardino Storico di Valsanzibio si trova a Galzignano Terme, in provincia di Padova, ed \u00e8 uno dei pi\u00f9 estesi ed integri giardini d\u2019Epoca mondiali.\",\"potentialAction\":[{\"@type\":\"SearchAction\",\"target\":{\"@type\":\"EntryPoint\",\"urlTemplate\":\"https:\\\/\\\/www.valsanzibiogiardino.com\\\/it\\\/?s={search_term_string}\"},\"query-input\":{\"@type\":\"PropertyValueSpecification\",\"valueRequired\":true,\"valueName\":\"search_term_string\"}}],\"inLanguage\":\"it-IT\"}]}<\/script>\n<!-- \/ Yoast SEO plugin. -->","yoast_head_json":{"title":"\u2018RENTING\u2019 DELLA VILLA PER VACANZE ESCLUSIVE - Giardino Storico di Valsanzibio | Villa Barbarigo Pizzoni Ardemani | Galzignano Terme, Padova","robots":{"index":"index","follow":"follow","max-snippet":"max-snippet:-1","max-image-preview":"max-image-preview:large","max-video-preview":"max-video-preview:-1"},"canonical":"https:\/\/www.valsanzibiogiardino.com\/it\/renting-della-villa-per-vacanze-esclusive\/","twitter_misc":{"Tempo di lettura stimato":"4 minuti"},"schema":{"@context":"https:\/\/schema.org","@graph":[{"@type":"WebPage","@id":"https:\/\/www.valsanzibiogiardino.com\/it\/renting-della-villa-per-vacanze-esclusive\/","url":"https:\/\/www.valsanzibiogiardino.com\/it\/renting-della-villa-per-vacanze-esclusive\/","name":"\u2018RENTING\u2019 DELLA VILLA PER VACANZE ESCLUSIVE - Giardino Storico di Valsanzibio | Villa Barbarigo Pizzoni Ardemani | Galzignano Terme, Padova","isPartOf":{"@id":"https:\/\/www.valsanzibiogiardino.com\/it\/#website"},"datePublished":"2019-03-02T13:16:05+00:00","dateModified":"2023-04-02T16:32:31+00:00","breadcrumb":{"@id":"https:\/\/www.valsanzibiogiardino.com\/it\/renting-della-villa-per-vacanze-esclusive\/#breadcrumb"},"inLanguage":"it-IT","potentialAction":[{"@type":"ReadAction","target":["https:\/\/www.valsanzibiogiardino.com\/it\/renting-della-villa-per-vacanze-esclusive\/"]}]},{"@type":"BreadcrumbList","@id":"https:\/\/www.valsanzibiogiardino.com\/it\/renting-della-villa-per-vacanze-esclusive\/#breadcrumb","itemListElement":[{"@type":"ListItem","position":1,"name":"Home","item":"https:\/\/www.valsanzibiogiardino.com\/it\/"},{"@type":"ListItem","position":2,"name":"\u2018RENTING\u2019 DELLA VILLA PER VACANZE ESCLUSIVE"}]},{"@type":"WebSite","@id":"https:\/\/www.valsanzibiogiardino.com\/it\/#website","url":"https:\/\/www.valsanzibiogiardino.com\/it\/","name":"Giardino Storico di Valsanzibio | Villa Barbarigo Pizzoni Ardemani | Galzignano Terme, Padova","description":"Il Giardino Storico di Valsanzibio si trova a Galzignano Terme, in provincia di Padova, ed \u00e8 uno dei pi\u00f9 estesi ed integri giardini d\u2019Epoca mondiali.","potentialAction":[{"@type":"SearchAction","target":{"@type":"EntryPoint","urlTemplate":"https:\/\/www.valsanzibiogiardino.com\/it\/?s={search_term_string}"},"query-input":{"@type":"PropertyValueSpecification","valueRequired":true,"valueName":"search_term_string"}}],"inLanguage":"it-IT"}]}},"_links":{"self":[{"href":"https:\/\/www.valsanzibiogiardino.com\/it\/wp-json\/wp\/v2\/pages\/20456","targetHints":{"allow":["GET"]}}],"collection":[{"href":"https:\/\/www.valsanzibiogiardino.com\/it\/wp-json\/wp\/v2\/pages"}],"about":[{"href":"https:\/\/www.valsanzibiogiardino.com\/it\/wp-json\/wp\/v2\/types\/page"}],"author":[{"embeddable":true,"href":"https:\/\/www.valsanzibiogiardino.com\/it\/wp-json\/wp\/v2\/users\/12"}],"replies":[{"embeddable":true,"href":"https:\/\/www.valsanzibiogiardino.com\/it\/wp-json\/wp\/v2\/comments?post=20456"}],"version-history":[{"count":1,"href":"https:\/\/www.valsanzibiogiardino.com\/it\/wp-json\/wp\/v2\/pages\/20456\/revisions"}],"predecessor-version":[{"id":22583,"href":"https:\/\/www.valsanzibiogiardino.com\/it\/wp-json\/wp\/v2\/pages\/20456\/revisions\/22583"}],"wp:attachment":[{"href":"https:\/\/www.valsanzibiogiardino.com\/it\/wp-json\/wp\/v2\/media?parent=20456"}],"curies":[{"name":"wp","href":"https:\/\/api.w.org\/{rel}","templated":true}]}}