{"id":20118,"date":"2019-02-24T02:56:56","date_gmt":"2019-02-24T01:56:56","guid":{"rendered":"https:\/\/www.valsanzibiogiardino.com\/coinvolti\/"},"modified":"2020-11-21T19:37:09","modified_gmt":"2020-11-21T18:37:09","slug":"partners","status":"publish","type":"page","link":"https:\/\/www.valsanzibiogiardino.com\/it\/partners\/","title":{"rendered":"Partners"},"content":{"rendered":"<div class=\"wpb-content-wrapper\"><p>[vc_section][vc_row video_bg=&#8221;yes&#8221; bklyn_overlay=&#8221;true&#8221; bklyn_overlay_pattern=&#8221;true&#8221; bklyn_overlay_pattern_style=&#8221;bklyn-style-three&#8221; css=&#8221;.vc_custom_1551188173720{padding-top: 150px !important;padding-bottom: 150px !important;background-image: url(https:\/\/www.valsanzibiogiardino.it\/wp-content\/uploads\/2018\/05\/slide_fans.jpg?id=16445) !important;background-position: center !important;background-repeat: no-repeat !important;background-size: cover !important;}&#8221; el_class=&#8221;mainTitleRow&#8221; video_bg_url=&#8221;https:\/\/youtu.be\/NF4at1JBaLA&#8221;][vc_column]<div class=\"wpb_content_element \"><style type=\"text\/css\">#ut_header_69efbe98a4334 h2.section-title, #ut_header_69efbe98a4334 h2.section-title span { color:#ffffff; }#ut_header_69efbe98a4334 h2.section-title{ font-family: \"Oswald\";font-weight:300;font-style:normal; }#ut_header_69efbe98a4334 h2.section-title{ font-size: 60px }#ut_header_69efbe98a4334 .lead { color:#ffffff; }#ut_header_69efbe98a4334 .lead p { color:#ffffff; }#ut_header_69efbe98a4334.pt-style-2 .page-title span:after, #ut_header_69efbe98a4334.pt-style-2 .parallax-title span:after, #ut_header_69efbe98a4334.pt-style-2 .section-title span:after { background-color:#ffffff !important;}<\/style><header id=\"ut_header_69efbe98a4334\" class=\"section-header  ut-no-title-linebreak-mobile ut-no-lead-linebreak-mobile pt-style-2 header-center header-tablet-center header-mobile-center\"><h2 data-title=\"Partners\"  data-responsive-font=\"section_title\" data-responsive-font-settings=\"{&quot;base-font-size&quot;:&quot;60&quot;}\" class=\"section-title  \"><span>Partners<\/span><\/h2><\/header><\/div>[\/vc_column][\/vc_row][\/vc_section][vc_row][vc_column][vc_row_inner][vc_column_inner width=&#8221;1\/4&#8243;]<div class=\"wpb_content_element\"><style type=\"text\/css\">#ut_bi_69efbe98a973a .bklyn-big-icon-link i { color: #004208; }#ut_bi_69efbe98a973a .bklyn-big-icon { margin-bottom: 10px; }#ut_bi_69efbe98a973a .bklyn-big-icon-slogan { font-weight: bold; }#ut_bi_69efbe98a973a .bklyn-big-icon-round.bklyn-big-icon .fa, #ut_bi_69efbe98a973a .bklyn-big-icon-square.bklyn-big-icon .fa { line-height: 50px;}#ut_bi_69efbe98a973a .bklyn-big-icon img {max-height: 50px;} #ut_bi_69efbe98a973a .bklyn-big-icon { height: 100px;line-height: 100px;width: 100px;font-size: 50px;}#ut_bi_69efbe98a973a .bklyn-big-icon svg {transform: scale(1);}<\/style><div id=\"ut_bi_69efbe98a973a\" class=\"bklyn-big-icon-wrap\"><a title=\"Become a sponsor\" class=\"bklyn-big-icon-link \" target=\"_self\" href=\"https:\/\/www.valsanzibiogiardino.com\/it\/coinvolti\/#section-sponsor\" ><div class=\"bklyn-big-icon bklyn-big-icon-round\"><div class=\"bklyn-big-icon-inner\"><i class=\"fa fa-handshake-o\"><\/i><\/div><\/div><h3 class=\"bklyn-big-icon-title\">Diventa Sponsor<\/h3><\/a><\/div><\/div>[vc_column_text]<\/p>\n<p style=\"text-align: center;\">Diventare sponsor e contribuire a sostenere il Giardino Monumentale di Valsanzibio<\/p>\n<p>[\/vc_column_text][\/vc_column_inner][vc_column_inner width=&#8221;1\/4&#8243;]<div class=\"wpb_content_element\"><style type=\"text\/css\">#ut_bi_69efbe98a97ea .bklyn-big-icon-link i { color: #004208; }#ut_bi_69efbe98a97ea .bklyn-big-icon { margin-bottom: 10px; }#ut_bi_69efbe98a97ea .bklyn-big-icon-slogan { font-weight: bold; }#ut_bi_69efbe98a97ea .bklyn-big-icon-round.bklyn-big-icon .fa, #ut_bi_69efbe98a97ea .bklyn-big-icon-square.bklyn-big-icon .fa { line-height: 50px;}#ut_bi_69efbe98a97ea .bklyn-big-icon img {max-height: 50px;} #ut_bi_69efbe98a97ea .bklyn-big-icon { height: 100px;line-height: 100px;width: 100px;font-size: 50px;}#ut_bi_69efbe98a97ea .bklyn-big-icon svg {transform: scale(1);}<\/style><div id=\"ut_bi_69efbe98a97ea\" class=\"bklyn-big-icon-wrap\"><a title=\"Volunteers\" class=\"bklyn-big-icon-link \" target=\"_self\" href=\"https:\/\/www.valsanzibiogiardino.com\/it\/coinvolti\/#section-volunteer\" ><div class=\"bklyn-big-icon bklyn-big-icon-round\"><div class=\"bklyn-big-icon-inner\"><i class=\"fa fa-heart\"><\/i><\/div><\/div><h3 class=\"bklyn-big-icon-title\">Volontari<\/h3><\/a><\/div><\/div>[vc_column_text]<\/p>\n<p style=\"text-align: center;\">Ti piacerebbe impiegare un po\u2019 del tuo tempo libero per aiutare a preservare e fare conoscere il Giardino Monumentale di Valsanzibio?<\/p>\n<p>[\/vc_column_text][\/vc_column_inner][vc_column_inner width=&#8221;1\/4&#8243;]<div class=\"wpb_content_element\"><style type=\"text\/css\">#ut_bi_69efbe98a986e .bklyn-big-icon-link i { color: #004208; }#ut_bi_69efbe98a986e .bklyn-big-icon { margin-bottom: 10px; }#ut_bi_69efbe98a986e .bklyn-big-icon-slogan { font-weight: bold; }#ut_bi_69efbe98a986e .bklyn-big-icon-round.bklyn-big-icon .fa, #ut_bi_69efbe98a986e .bklyn-big-icon-square.bklyn-big-icon .fa { line-height: 50px;}#ut_bi_69efbe98a986e .bklyn-big-icon img {max-height: 50px;} #ut_bi_69efbe98a986e .bklyn-big-icon { height: 100px;line-height: 100px;width: 100px;font-size: 50px;}#ut_bi_69efbe98a986e .bklyn-big-icon svg {transform: scale(1);}<\/style><div id=\"ut_bi_69efbe98a986e\" class=\"bklyn-big-icon-wrap\"><a title=\"Studenti\" class=\"bklyn-big-icon-link \" target=\"_self\" href=\"https:\/\/www.valsanzibiogiardino.com\/it\/coinvolti\/#section-studenti\" ><div class=\"bklyn-big-icon bklyn-big-icon-round\"><div class=\"bklyn-big-icon-inner\"><i class=\"fa fa-graduation-cap\"><\/i><\/div><\/div><h3 class=\"bklyn-big-icon-title\">Studenti<\/h3><\/a><\/div><\/div>[vc_column_text]<\/p>\n<p style=\"text-align: center;\">Sei uno studente e vuoi fare un\u2019esperienza di stage in cui poter alternare studio e lavoro?<\/p>\n<p>[\/vc_column_text][\/vc_column_inner][vc_column_inner width=&#8221;1\/4&#8243;]<div class=\"wpb_content_element\"><style type=\"text\/css\">#ut_bi_69efbe98a98e7 .bklyn-big-icon-link i { color: #004208; }#ut_bi_69efbe98a98e7 .bklyn-big-icon { margin-bottom: 10px; }#ut_bi_69efbe98a98e7 .bklyn-big-icon-slogan { font-weight: bold; }#ut_bi_69efbe98a98e7 .bklyn-big-icon-round.bklyn-big-icon .fa, #ut_bi_69efbe98a98e7 .bklyn-big-icon-square.bklyn-big-icon .fa { line-height: 50px;}#ut_bi_69efbe98a98e7 .bklyn-big-icon img {max-height: 50px;} #ut_bi_69efbe98a98e7 .bklyn-big-icon { height: 100px;line-height: 100px;width: 100px;font-size: 50px;}#ut_bi_69efbe98a98e7 .bklyn-big-icon svg {transform: scale(1);}<\/style><div id=\"ut_bi_69efbe98a98e7\" class=\"bklyn-big-icon-wrap\"><a  class=\"bklyn-big-icon-link \" target=\"_blank\" href=\"https:\/\/www.valsanzibiogiardino.com\/it\/partners-e-strutture-suggerite-da-valsanzibio\/\" ><div class=\"bklyn-big-icon bklyn-big-icon-round\"><div class=\"bklyn-big-icon-inner\"><i class=\"fa fa-refresh\"><\/i><\/div><\/div><h3 class=\"bklyn-big-icon-title\">Partners Suggeriti<\/h3><\/a><\/div><\/div>[vc_column_text]<\/p>\n<p style=\"text-align: center;\"><a href=\"https:\/\/www.valsanzibiogiardino.com\/it\/partners-e-strutture-suggerite-da-valsanzibio\/\" target=\"_blank\" rel=\"noopener noreferrer\">CLICCA QUI&#8217; per scoprire i &#8216;Partners&#8217; suggeriti da Valsanzibio.<\/a><\/p>\n<p>[\/vc_column_text][\/vc_column_inner][\/vc_row_inner][\/vc_column][\/vc_row][vc_row bklyn_overlay=&#8221;true&#8221; parallax=&#8221;content-moving&#8221; css=&#8221;.vc_custom_1550445990958{padding-top: 100px !important;padding-bottom: 100px !important;background-image: url(https:\/\/www.valsanzibiogiardino.com\/wp-content\/uploads\/2019\/02\/Private-Dining.jpg?id=19318) !important;}&#8221; bklyn_overlay_color=&#8221;linear-gradient(to top, rgba(0, 0, 0, 0.38) 0%, rgba(0, 0, 0, 0.38) 100%)&#8221; bklyn_section_anchor_id=&#8221;sponsor&#8221;][vc_column]<div class=\"wpb_content_element \"><style type=\"text\/css\">#ut_header_69efbe98a9d3e h2.section-title, #ut_header_69efbe98a9d3e h2.section-title span { color:#fffefe; }#ut_header_69efbe98a9d3e h2.section-title{ font-family: \"Oswald\";font-weight:300;font-style:normal; }#ut_header_69efbe98a9d3e h2.section-title{ font-size: 30px }#ut_header_69efbe98a9d3e.pt-style-2 .page-title span:after, #ut_header_69efbe98a9d3e.pt-style-2 .parallax-title span:after, #ut_header_69efbe98a9d3e.pt-style-2 .section-title span:after { background-color:#ffffff !important;}<\/style><header id=\"ut_header_69efbe98a9d3e\" class=\"section-header  ut-no-title-linebreak-mobile ut-no-lead-linebreak-mobile pt-style-2 header-center header-tablet-center header-mobile-center\"><h2 data-title=\"Diventa Sponsor\"  data-responsive-font=\"section_title\" data-responsive-font-settings=\"{&quot;base-font-size&quot;:&quot;30&quot;}\" class=\"section-title  \"><span>Diventa Sponsor<\/span><\/h2><\/header><\/div>[\/vc_column][\/vc_row][vc_row][vc_column][vc_column_text]Sostenere il GIARDINO MONUMENTALE DI VALSANZIBIO, ovviamente, consente di fare promozione del proprio BRAND e di ottenere visibilit\u00e0 dalla campagna di comunicazione.<\/p>\n<p>&nbsp;<\/p>\n<p>Per\u00f2, questo aspetto immediato, pratico e pragmatico \u00e8 forse meno importante, e sicuramente meno nobile, del fatto che un PARTNER di questa impareggiabile realt\u00e0 diventa <strong>protagonista di un\u2019importante sfida culturale, artistica ed ambientale.<\/strong><\/p>\n<p>&nbsp;<\/p>\n<p>Il Giardino di Valsanzibio \u00e8 un concentrato di quasi 400 anni di storia dove architetture, statue e piante si intrecciano descrivendo allegorie e simbolismi senza tempo e creando una dimensione oggi giorno molto rara, una dimensione dove la bellezza di madre natura si fonde in perfetta armonia con la bellezza forgiata dalla mano dell\u2019uomo.[\/vc_column_text]<style type=\"text\/css\">#bklyn_btn_69efbe98aa5f2 .bklyn-btn { background-color:#195903 !important; }<\/style><div id=\"bklyn_btn_69efbe98aa5f2\" class=\"bklyn-btn-holder  bklyn-btn-center bklyn-btn-tablet-center bklyn-btn-mobile-center\"><a title=\"\"   href=\"https:\/\/www.valsanzibiogiardino.com\/it\/contatti\/\" target=\"_self\" class=\"bklyn-btn  bklyn-btn-normal\" ><span class=\"ut-btn-text\">Contatti<\/span><\/a><\/div>[\/vc_column][\/vc_row][vc_row bklyn_overlay=&#8221;true&#8221; parallax=&#8221;content-moving&#8221; css=&#8221;.vc_custom_1550446093753{padding-top: 100px !important;padding-bottom: 100px !important;background-image: url(https:\/\/www.valsanzibiogiardino.com\/wp-content\/uploads\/2019\/02\/Boxwood-Plants-Valsanzibio.jpg?id=19219) !important;}&#8221; bklyn_overlay_color=&#8221;linear-gradient(to top, rgba(0, 0, 0, 0.38) 0%, rgba(0, 0, 0, 0.38) 100%)&#8221; bklyn_section_anchor_id=&#8221;volunteer&#8221;][vc_column]<div class=\"wpb_content_element \"><style type=\"text\/css\">#ut_header_69efbe98aaa89 h2.section-title, #ut_header_69efbe98aaa89 h2.section-title span { color:#fffefe; }#ut_header_69efbe98aaa89 h2.section-title{ font-family: \"Oswald\";font-weight:300;font-style:normal; }#ut_header_69efbe98aaa89 h2.section-title{ font-size: 30px }#ut_header_69efbe98aaa89.pt-style-2 .page-title span:after, #ut_header_69efbe98aaa89.pt-style-2 .parallax-title span:after, #ut_header_69efbe98aaa89.pt-style-2 .section-title span:after { background-color:#ffffff !important;}<\/style><header id=\"ut_header_69efbe98aaa89\" class=\"section-header  ut-no-title-linebreak-mobile ut-no-lead-linebreak-mobile pt-style-2 header-center header-tablet-center header-mobile-center\"><h2 data-title=\"Volontari\"  data-responsive-font=\"section_title\" data-responsive-font-settings=\"{&quot;base-font-size&quot;:&quot;30&quot;}\" class=\"section-title  \"><span>Volontari<\/span><\/h2><\/header><\/div>[\/vc_column][\/vc_row][vc_row][vc_column][vc_column_text]Ti piacerebbe impiegare un po\u2019 del tuo tempo libero per aiutare a preservare e fare conoscere il GIARDINO MONUMENTALE DI VALSANZIBIO?<\/p>\n<p>&nbsp;<\/p>\n<p>Cerchiamo volontari per assistenza e informazioni al pubblico, per servizio di guida, per custodia e per piccoli lavori di giardinaggio![\/vc_column_text]<style type=\"text\/css\">#bklyn_btn_69efbe98ab31e .bklyn-btn { background-color:#195903 !important; }<\/style><div id=\"bklyn_btn_69efbe98ab31e\" class=\"bklyn-btn-holder  bklyn-btn-center bklyn-btn-tablet-center bklyn-btn-mobile-center\"><a title=\"\"   href=\"https:\/\/www.valsanzibiogiardino.com\/it\/contatti\/\" target=\"_self\" class=\"bklyn-btn  bklyn-btn-normal\" ><span class=\"ut-btn-text\">Contatti<\/span><\/a><\/div>[\/vc_column][\/vc_row][vc_row bklyn_overlay=&#8221;true&#8221; parallax=&#8221;content-moving&#8221; css=&#8221;.vc_custom_1550976399118{padding-top: 100px !important;padding-bottom: 100px !important;background-image: url(https:\/\/www.valsanzibiogiardino.com\/wp-content\/uploads\/2019\/02\/View-from-Valsanzibio-Villa.jpg?id=19256) !important;}&#8221; bklyn_overlay_color=&#8221;linear-gradient(to top, rgba(0, 0, 0, 0.38) 0%, rgba(0, 0, 0, 0.38) 100%)&#8221; bklyn_section_anchor_id=&#8221;Studenti&#8221;][vc_column]<div class=\"wpb_content_element \"><style type=\"text\/css\">#ut_header_69efbe98ab722 h2.section-title, #ut_header_69efbe98ab722 h2.section-title span { color:#fffefe; }#ut_header_69efbe98ab722 h2.section-title{ font-family: \"Oswald\";font-weight:300;font-style:normal; }#ut_header_69efbe98ab722 h2.section-title{ font-size: 30px }#ut_header_69efbe98ab722.pt-style-2 .page-title span:after, #ut_header_69efbe98ab722.pt-style-2 .parallax-title span:after, #ut_header_69efbe98ab722.pt-style-2 .section-title span:after { background-color:#ffffff !important;}<\/style><header id=\"ut_header_69efbe98ab722\" class=\"section-header  ut-no-title-linebreak-mobile ut-no-lead-linebreak-mobile pt-style-2 header-center header-tablet-center header-mobile-center\"><h2 data-title=\"Studenti\"  data-responsive-font=\"section_title\" data-responsive-font-settings=\"{&quot;base-font-size&quot;:&quot;30&quot;}\" class=\"section-title  \"><span>Studenti<\/span><\/h2><\/header><\/div>[\/vc_column][\/vc_row][vc_row][vc_column][vc_column_text]Sei uno studente e vuoi fare un\u2019esperienza di stage in cui poter alternare studio e lavoro?<\/p>\n<p>&nbsp;<\/p>\n<p>Il GIARDINO MONUMENTALE DI VALSANZIBIO \u00e8 pronto ad accoglierti e farti vivere direttamente l\u2019esperienza del mondo del turismo museale e della gestione di un parco storico.[\/vc_column_text]<style type=\"text\/css\">#bklyn_btn_69efbe98abfa9 .bklyn-btn { background-color:#195903 !important; }<\/style><div id=\"bklyn_btn_69efbe98abfa9\" class=\"bklyn-btn-holder  bklyn-btn-center bklyn-btn-tablet-center bklyn-btn-mobile-center\"><a title=\"\"   href=\"https:\/\/www.valsanzibiogiardino.com\/it\/contatti\/\" target=\"_self\" class=\"bklyn-btn  bklyn-btn-normal\" ><span class=\"ut-btn-text\">Contatti<\/span><\/a><\/div>[\/vc_column][\/vc_row][vc_row video_bg=&#8221;yes&#8221; bklyn_overlay=&#8221;true&#8221; bklyn_overlay_pattern=&#8221;true&#8221; bklyn_overlay_pattern_style=&#8221;bklyn-style-three&#8221; css=&#8221;.vc_custom_1549222588211{padding-top: 150px !important;padding-bottom: 150px !important;background-image: url(https:\/\/www.valsanzibiogiardino.com\/wp-content\/uploads\/2019\/01\/Map-background.jpg?id=18934) !important;background-position: center !important;background-repeat: no-repeat !important;background-size: cover !important;}&#8221; el_class=&#8221;mainTitleRow&#8221; video_bg_url=&#8221;https:\/\/youtu.be\/NF4at1JBaLA&#8221;][vc_column]<div class=\"wpb_content_element \"><style type=\"text\/css\">#ut_header_69efbe98ac53f h2.section-title, #ut_header_69efbe98ac53f h2.section-title span { color:#ffffff; }#ut_header_69efbe98ac53f h2.section-title{ font-family: \"Oswald\";font-weight:300;font-style:normal; }#ut_header_69efbe98ac53f .lead { color:#ffffff; }#ut_header_69efbe98ac53f .lead p { color:#ffffff; }#ut_header_69efbe98ac53f.pt-style-2 .page-title span:after, #ut_header_69efbe98ac53f.pt-style-2 .parallax-title span:after, #ut_header_69efbe98ac53f.pt-style-2 .section-title span:after { background-color:#ffffff !important;}<\/style><header id=\"ut_header_69efbe98ac53f\" class=\"section-header  ut-no-title-linebreak-mobile ut-no-lead-linebreak-mobile pt-style-2 header-center header-tablet-center header-mobile-center\"><h2 data-title=\"Partner con Valsanzibio\"  data-responsive-font=\"section_title\" class=\"section-title  \"><span>Partner con Valsanzibio<\/span><\/h2><\/header><\/div><style type=\"text\/css\">#bklyn_btn_69efbe98acdb8 .bklyn-btn { color:#ffffff !important; background-color:#195903 !important; }<\/style><div id=\"bklyn_btn_69efbe98acdb8\" class=\"bklyn-btn-holder  bklyn-btn-center bklyn-btn-tablet-center bklyn-btn-mobile-center\"><a title=\"\"   href=\"https:\/\/www.valsanzibiogiardino.com\/it\/contatti\/\" target=\"_self\" class=\"bklyn-btn  bklyn-btn-normal\" ><span class=\"ut-btn-text\">Contatti<\/span><\/a><\/div>[\/vc_column][\/vc_row]<\/p>\n<\/div><!-- AddThis Advanced Settings generic via filter on the_content --><!-- AddThis Share Buttons generic via filter on the_content -->","protected":false},"excerpt":{"rendered":"<p>[vc_section][vc_row video_bg=&#8221;yes&#8221; bklyn_overlay=&#8221;true&#8221; bklyn_overlay_pattern=&#8221;true&#8221; bklyn_overlay_pattern_style=&#8221;bklyn-style-three&#8221; css=&#8221;.vc_custom_1551188173720{padding-top: 150px !important;padding-bottom: 150px !important;background-image: url(https:\/\/www.valsanzibiogiardino.it\/wp-content\/uploads\/2018\/05\/slide_fans.jpg?id=16445) !important;background-position: center !important;background-repeat: no-repeat !important;background-size: cover !important;}&#8221; el_class=&#8221;mainTitleRow&#8221; video_bg_url=&#8221;https:\/\/youtu.be\/NF4at1JBaLA&#8221;][vc_column][\/vc_column][\/vc_row][\/vc_section][vc_row][vc_column][vc_row_inner][vc_column_inner width=&#8221;1\/4&#8243;][vc_column_text] Diventare sponsor e contribuire a sostenere il Giardino Monumentale di Valsanzibio [\/vc_column_text][\/vc_column_inner][vc_column_inner width=&#8221;1\/4&#8243;][vc_column_text] Ti piacerebbe impiegare un po\u2019 del tuo tempo libero per aiutare a preservare e fare conoscere il Giardino Monumentale di Valsanzibio? [&hellip;]<!-- AddThis Advanced Settings generic via filter on get_the_excerpt --><!-- AddThis Share Buttons generic via filter on get_the_excerpt --><\/p>\n","protected":false},"author":12,"featured_media":0,"parent":0,"menu_order":0,"comment_status":"closed","ping_status":"open","template":"","meta":{"_monsterinsights_skip_tracking":false,"_monsterinsights_sitenote_active":false,"_monsterinsights_sitenote_note":"","_monsterinsights_sitenote_category":0,"ngg_post_thumbnail":0,"footnotes":""},"class_list":["post-20118","page","type-page","status-publish","hentry"],"yoast_head":"<!-- This site is optimized with the Yoast SEO plugin v27.3 - https:\/\/yoast.com\/product\/yoast-seo-wordpress\/ -->\n<title>Partners - Giardino Storico di Valsanzibio | Villa Barbarigo Pizzoni Ardemani | Galzignano Terme, Padova<\/title>\n<meta name=\"robots\" content=\"index, follow, max-snippet:-1, max-image-preview:large, max-video-preview:-1\" \/>\n<link rel=\"canonical\" href=\"https:\/\/www.valsanzibiogiardino.com\/it\/partners\/\" \/>\n<meta name=\"twitter:label1\" content=\"Tempo di lettura stimato\" \/>\n\t<meta name=\"twitter:data1\" content=\"5 minuti\" \/>\n<script type=\"application\/ld+json\" class=\"yoast-schema-graph\">{\"@context\":\"https:\\\/\\\/schema.org\",\"@graph\":[{\"@type\":\"WebPage\",\"@id\":\"https:\\\/\\\/www.valsanzibiogiardino.com\\\/it\\\/partners\\\/\",\"url\":\"https:\\\/\\\/www.valsanzibiogiardino.com\\\/it\\\/partners\\\/\",\"name\":\"Partners - Giardino Storico di Valsanzibio | Villa Barbarigo Pizzoni Ardemani | Galzignano Terme, Padova\",\"isPartOf\":{\"@id\":\"https:\\\/\\\/www.valsanzibiogiardino.com\\\/it\\\/#website\"},\"datePublished\":\"2019-02-24T01:56:56+00:00\",\"dateModified\":\"2020-11-21T18:37:09+00:00\",\"breadcrumb\":{\"@id\":\"https:\\\/\\\/www.valsanzibiogiardino.com\\\/it\\\/partners\\\/#breadcrumb\"},\"inLanguage\":\"it-IT\",\"potentialAction\":[{\"@type\":\"ReadAction\",\"target\":[\"https:\\\/\\\/www.valsanzibiogiardino.com\\\/it\\\/partners\\\/\"]}]},{\"@type\":\"BreadcrumbList\",\"@id\":\"https:\\\/\\\/www.valsanzibiogiardino.com\\\/it\\\/partners\\\/#breadcrumb\",\"itemListElement\":[{\"@type\":\"ListItem\",\"position\":1,\"name\":\"Home\",\"item\":\"https:\\\/\\\/www.valsanzibiogiardino.com\\\/it\\\/\"},{\"@type\":\"ListItem\",\"position\":2,\"name\":\"Partners\"}]},{\"@type\":\"WebSite\",\"@id\":\"https:\\\/\\\/www.valsanzibiogiardino.com\\\/it\\\/#website\",\"url\":\"https:\\\/\\\/www.valsanzibiogiardino.com\\\/it\\\/\",\"name\":\"Giardino Storico di Valsanzibio | Villa Barbarigo Pizzoni Ardemani | Galzignano Terme, Padova\",\"description\":\"Il Giardino Storico di Valsanzibio si trova a Galzignano Terme, in provincia di Padova, ed \u00e8 uno dei pi\u00f9 estesi ed integri giardini d\u2019Epoca mondiali.\",\"potentialAction\":[{\"@type\":\"SearchAction\",\"target\":{\"@type\":\"EntryPoint\",\"urlTemplate\":\"https:\\\/\\\/www.valsanzibiogiardino.com\\\/it\\\/?s={search_term_string}\"},\"query-input\":{\"@type\":\"PropertyValueSpecification\",\"valueRequired\":true,\"valueName\":\"search_term_string\"}}],\"inLanguage\":\"it-IT\"}]}<\/script>\n<!-- \/ Yoast SEO plugin. -->","yoast_head_json":{"title":"Partners - Giardino Storico di Valsanzibio | Villa Barbarigo Pizzoni Ardemani | Galzignano Terme, Padova","robots":{"index":"index","follow":"follow","max-snippet":"max-snippet:-1","max-image-preview":"max-image-preview:large","max-video-preview":"max-video-preview:-1"},"canonical":"https:\/\/www.valsanzibiogiardino.com\/it\/partners\/","twitter_misc":{"Tempo di lettura stimato":"5 minuti"},"schema":{"@context":"https:\/\/schema.org","@graph":[{"@type":"WebPage","@id":"https:\/\/www.valsanzibiogiardino.com\/it\/partners\/","url":"https:\/\/www.valsanzibiogiardino.com\/it\/partners\/","name":"Partners - Giardino Storico di Valsanzibio | Villa Barbarigo Pizzoni Ardemani | Galzignano Terme, Padova","isPartOf":{"@id":"https:\/\/www.valsanzibiogiardino.com\/it\/#website"},"datePublished":"2019-02-24T01:56:56+00:00","dateModified":"2020-11-21T18:37:09+00:00","breadcrumb":{"@id":"https:\/\/www.valsanzibiogiardino.com\/it\/partners\/#breadcrumb"},"inLanguage":"it-IT","potentialAction":[{"@type":"ReadAction","target":["https:\/\/www.valsanzibiogiardino.com\/it\/partners\/"]}]},{"@type":"BreadcrumbList","@id":"https:\/\/www.valsanzibiogiardino.com\/it\/partners\/#breadcrumb","itemListElement":[{"@type":"ListItem","position":1,"name":"Home","item":"https:\/\/www.valsanzibiogiardino.com\/it\/"},{"@type":"ListItem","position":2,"name":"Partners"}]},{"@type":"WebSite","@id":"https:\/\/www.valsanzibiogiardino.com\/it\/#website","url":"https:\/\/www.valsanzibiogiardino.com\/it\/","name":"Giardino Storico di Valsanzibio | Villa Barbarigo Pizzoni Ardemani | Galzignano Terme, Padova","description":"Il Giardino Storico di Valsanzibio si trova a Galzignano Terme, in provincia di Padova, ed \u00e8 uno dei pi\u00f9 estesi ed integri giardini d\u2019Epoca mondiali.","potentialAction":[{"@type":"SearchAction","target":{"@type":"EntryPoint","urlTemplate":"https:\/\/www.valsanzibiogiardino.com\/it\/?s={search_term_string}"},"query-input":{"@type":"PropertyValueSpecification","valueRequired":true,"valueName":"search_term_string"}}],"inLanguage":"it-IT"}]}},"_links":{"self":[{"href":"https:\/\/www.valsanzibiogiardino.com\/it\/wp-json\/wp\/v2\/pages\/20118","targetHints":{"allow":["GET"]}}],"collection":[{"href":"https:\/\/www.valsanzibiogiardino.com\/it\/wp-json\/wp\/v2\/pages"}],"about":[{"href":"https:\/\/www.valsanzibiogiardino.com\/it\/wp-json\/wp\/v2\/types\/page"}],"author":[{"embeddable":true,"href":"https:\/\/www.valsanzibiogiardino.com\/it\/wp-json\/wp\/v2\/users\/12"}],"replies":[{"embeddable":true,"href":"https:\/\/www.valsanzibiogiardino.com\/it\/wp-json\/wp\/v2\/comments?post=20118"}],"version-history":[{"count":5,"href":"https:\/\/www.valsanzibiogiardino.com\/it\/wp-json\/wp\/v2\/pages\/20118\/revisions"}],"predecessor-version":[{"id":21959,"href":"https:\/\/www.valsanzibiogiardino.com\/it\/wp-json\/wp\/v2\/pages\/20118\/revisions\/21959"}],"wp:attachment":[{"href":"https:\/\/www.valsanzibiogiardino.com\/it\/wp-json\/wp\/v2\/media?parent=20118"}],"curies":[{"name":"wp","href":"https:\/\/api.w.org\/{rel}","templated":true}]}}