{"id":19938,"date":"2019-02-23T18:04:05","date_gmt":"2019-02-23T17:04:05","guid":{"rendered":"https:\/\/www.valsanzibiogiardino.com\/storia\/"},"modified":"2022-02-12T19:24:12","modified_gmt":"2022-02-12T18:24:12","slug":"storia","status":"publish","type":"page","link":"https:\/\/www.valsanzibiogiardino.com\/it\/storia\/","title":{"rendered":"Storia"},"content":{"rendered":"<div class=\"wpb-content-wrapper\"><p>[vc_row video_bg=&#8221;yes&#8221; bklyn_overlay=&#8221;true&#8221; bklyn_overlay_pattern=&#8221;true&#8221; bklyn_overlay_pattern_style=&#8221;bklyn-style-three&#8221; css=&#8221;.vc_custom_1551111851849{padding-top: 50px !important;padding-bottom: 50px !important;background-image: url(https:\/\/www.valsanzibiogiardino.com\/wp-content\/uploads\/2019\/01\/Fountain-of-tricks-and-water.jpg?id=19009) !important;background-position: center !important;background-repeat: no-repeat !important;background-size: cover !important;}&#8221; video_bg_url=&#8221;https:\/\/youtu.be\/NF4at1JBaLA&#8221;][vc_column]<div class=\"wpb_content_element \"><style type=\"text\/css\">#ut_header_69e7cbeb053b6 h2.section-title, #ut_header_69e7cbeb053b6 h2.section-title span { color:#ffffff; }#ut_header_69e7cbeb053b6 h2.section-title{ font-family: \"Lato\";font-weight:300;font-style:normal; }#ut_header_69e7cbeb053b6 h2.section-title{ font-size: 25px }#ut_header_69e7cbeb053b6 .lead { color:#ffffff; }#ut_header_69e7cbeb053b6 .lead p { color:#ffffff; }#ut_header_69e7cbeb053b6.pt-style-2 .page-title span:after, #ut_header_69e7cbeb053b6.pt-style-2 .parallax-title span:after, #ut_header_69e7cbeb053b6.pt-style-2 .section-title span:after { background-color:#ffffff !important;}<\/style><header id=\"ut_header_69e7cbeb053b6\" class=\"section-header  ut-no-title-linebreak-mobile ut-no-lead-linebreak-mobile pt-style-2 header-center header-tablet-center header-mobile-center\"><h2 data-title=\"Villa Barbarigo Pizzoni Ardemani\"  data-responsive-font=\"section_title\" data-responsive-font-settings=\"{&quot;base-font-size&quot;:&quot;25&quot;}\" class=\"section-title  \"><span>Villa Barbarigo Pizzoni Ardemani<\/span><\/h2><\/header><\/div><div class=\"wpb_content_element \"><style type=\"text\/css\">#ut_header_69e7cbeb0ac87 h2.section-title, #ut_header_69e7cbeb0ac87 h2.section-title span { color:#ffffff; }#ut_header_69e7cbeb0ac87 h2.section-title{ font-family: \"Oswald\";font-weight:300;font-style:normal; }#ut_header_69e7cbeb0ac87 h2.section-title{ font-size: 50px }#ut_header_69e7cbeb0ac87 .lead { color:#ffffff; }#ut_header_69e7cbeb0ac87 .lead p { color:#ffffff; }#ut_header_69e7cbeb0ac87.pt-style-2 .page-title span:after, #ut_header_69e7cbeb0ac87.pt-style-2 .parallax-title span:after, #ut_header_69e7cbeb0ac87.pt-style-2 .section-title span:after { background-color:#ffffff !important;}<\/style><header id=\"ut_header_69e7cbeb0ac87\" class=\"section-header  ut-no-title-linebreak-mobile ut-no-lead-linebreak-mobile pt-style-2 header-center header-tablet-center header-mobile-center\"><h2 data-title=\"Il Giardino Monumentale di Valsanzibio\"  data-responsive-font=\"section_title\" data-responsive-font-settings=\"{&quot;base-font-size&quot;:&quot;50&quot;}\" class=\"section-title  \"><span>Il Giardino Monumentale di Valsanzibio<\/span><\/h2><\/header><\/div><div class=\"wpb_content_element \"><style type=\"text\/css\">#ut_header_69e7cbeb0b9f1 h2.section-title, #ut_header_69e7cbeb0b9f1 h2.section-title span { color:#ffffff; }#ut_header_69e7cbeb0b9f1 h2.section-title{ font-family: \"Lato\";font-weight:300;font-style:normal; }#ut_header_69e7cbeb0b9f1 h2.section-title{ font-size: 25px }#ut_header_69e7cbeb0b9f1 .lead { color:#ffffff; }#ut_header_69e7cbeb0b9f1 .lead p { color:#ffffff; }#ut_header_69e7cbeb0b9f1.pt-style-2 .page-title span:after, #ut_header_69e7cbeb0b9f1.pt-style-2 .parallax-title span:after, #ut_header_69e7cbeb0b9f1.pt-style-2 .section-title span:after { background-color:#ffffff !important;}<\/style><header id=\"ut_header_69e7cbeb0b9f1\" class=\"section-header  ut-no-title-linebreak-mobile ut-no-lead-linebreak-mobile pt-style-2 header-center header-tablet-center header-mobile-center\"><h2 data-title=\"\u201cLa Piccola Versailles\u201d - \u201cLa Perla dei Colli Euganei\u201d\"  data-responsive-font=\"section_title\" data-responsive-font-settings=\"{&quot;base-font-size&quot;:&quot;25&quot;}\" class=\"section-title  \"><span>\u201cLa Piccola Versailles\u201d - \u201cLa Perla dei Colli Euganei\u201d<\/span><\/h2><\/header><\/div>[\/vc_column][\/vc_row][vc_section][vc_row][vc_column][vc_column_text]<\/p>\n<p style=\"font-size: 1.0em; text-align: justify;\">Valsanzibio \u00e8 stato portato all\u2019attuale splendore nella seconda met\u00e0 del Seicento dal Nobile veneziano Zuane Francesco Barbarigo, aiutato dai figli Antonio e Gregorio. Fu proprio quest\u2019ultimo, il primogenito Gregorio, Cardinale, Vescovo di Padova e futuro Santo, ad ispirare l\u2019alta simbologia del progetto dovuto al principale architetto e fontaniere Pontificio <a href=\"http:\/\/it.wikipedia.org\/wiki\/Luigi_Bernini\">Luigi Bernini<\/a>. Infatti, l\u2019allora Cardinale <a href=\"http:\/\/it.wikipedia.org\/wiki\/Gregorio_Barbarigo\">Gregorio Barbarigo<\/a>, in seguito ad un voto solenne fatto da suo Padre a Nostro Signore nel 1631 (vedi nota 1 in basso), volle che il giardino di Valsanzibio fosse monumentale emblema della via di perfezione che porta l\u2019uomo dall\u2019Errore alla Verit\u00e0, dall\u2019Ignoranza alla Rivelazione.[\/vc_column_text][\/vc_column][\/vc_row][vc_row bklyn_overlay=&#8221;true&#8221; parallax=&#8221;content-moving&#8221; css=&#8221;.vc_custom_1549221633670{padding-top: 150px !important;padding-bottom: 150px !important;background-image: url(https:\/\/www.valsanzibiogiardino.com\/wp-content\/uploads\/2019\/02\/Diana-Gate-2.jpg?id=19123) !important;background-position: center;background-repeat: no-repeat !important;background-size: cover !important;}&#8221; bklyn_overlay_color=&#8221;rgba(0, 0, 0, 0.4)&#8221;][vc_column][vc_empty_space height=&#8221;60px&#8221;][vc_column_text]<\/p>\n<p style=\"text-align: center;\"><span style=\"color: #ffffff;\"><strong><a style=\"color: #ffffff;\" href=\"https:\/\/www.valsanzibiogiardino.com\/it\/il-giardino\/il-padiglione-di-diana\/\" target=\"_blank\" rel=\"noopener noreferrer\">Il Padiglione di Diana<\/a> <\/strong>non era solo l\u2019entrata principale via acqua alla tenuta dei Barbarigo nel 17esimo e 18esimo secolo, ma, questa superba e imponente porta d\u2019ingresso, rappresentava, e tutt\u2019oggi rappresenta, l\u2019inizio del <a style=\"color: #ffffff;\" href=\"https:\/\/www.valsanzibiogiardino.com\/it\/il-giardino\/il-percorso-di-salvificazione\/\" target=\"_blank\" rel=\"noopener noreferrer\"><strong>Percorso di Salvificazione<\/strong><\/a>, voluto dal Santo Gregorio Barbarigo, che finisce davanti alla Villa, al <a style=\"color: #ffffff;\" href=\"https:\/\/www.valsanzibiogiardino.it\/wp-content\/uploads\/2014\/08\/Vicenza2014_18_HDR2_low.jpg\" target=\"_blank\" rel=\"noopener noreferrer\"><strong>Piazzale della Fontana del Fungo, dell\u2019Estasi o, appunto, delle Rivelazioni<\/strong><\/a>.<\/span><\/p>\n<p>[\/vc_column_text][vc_empty_space][\/vc_column][\/vc_row][vc_row css=&#8221;.vc_custom_1547313538034{margin-top: 50px !important;}&#8221;][vc_column][vc_column_text]<\/p>\n<p style=\"font-size: 1.0em; text-align: justify;\">Questo eccezionale esempio di giardino barocco consta di oltre 60 statue scolpite nella pietra d\u2019Istria, in gran parte opera del Merengo (vedi nota 2 in basso), ed altrettante sculture minori che si integrano ad architetture, ruscelli, cascate, fontane, laghetti, scherzi d\u2019acqua e peschiere, fra innumerevoli alberi ed arbusti, su pi\u00f9 di 10 ettari di superficie. Inoltre, all\u2019interno del complesso e tappa importante nel <a href=\"https:\/\/www.valsanzibiogiardino.com\/it\/il-giardino\/il-percorso-di-salvificazione\/\" target=\"_blank\" rel=\"noopener noreferrer\"><strong>Percorso di Salvificazione<\/strong><\/a>, c\u2019\u00e8 il <strong><a href=\"https:\/\/www.valsanzibiogiardino.com\/it\/il-giardino\/il-labirinto\/\" target=\"_blank\" rel=\"noopener noreferrer\">Labirinto di Bosso<\/a><\/strong>, la simbolica Grotta dell\u2019Eremita, l\u2019Isola dei Conigli e il Monumento al Tempo.[\/vc_column_text][\/vc_column][\/vc_row][vc_row parallax=&#8221;content-moving&#8221; css=&#8221;.vc_custom_1549220273055{padding-top: 150px !important;padding-bottom: 150px !important;background-image: url(https:\/\/www.valsanzibiogiardino.com\/wp-content\/uploads\/2019\/02\/The-Garden.jpg?id=19113) !important;background-position: center;background-repeat: no-repeat !important;background-size: cover !important;}&#8221;][vc_column][vc_empty_space height=&#8221;60px&#8221;][vc_column_text]<\/p>\n<p style=\"text-align: center;\"><strong><em><span style=\"color: #ffffff;\">&#8216;Ivi \u00e8 l\u2019Inferno e quivi il Paradiso&#8217;<\/span><\/em><\/strong><\/p>\n<p style=\"text-align: center;\"><span style=\"color: #ffffff;\">Ultimo verso della <a style=\"color: #ffffff;\" href=\"https:\/\/www.valsanzibiogiardino.com\/it\/il-giardino\/scalea-del-sonetto\/\" target=\"_blank\" rel=\"noopener noreferrer\">Scalea del Sonetto<\/a><\/span><\/p>\n<p>[\/vc_column_text][vc_empty_space][\/vc_column][\/vc_row][vc_row full_width=&#8221;&#8221; css=&#8221;.vc_custom_1549222266422{background-position: 0 0 !important;background-repeat: no-repeat !important;}&#8221;][vc_column][vc_column_text]<\/p>\n<p style=\"font-size: 1.0em; text-align: justify;\">Il giardino di Valsanzibio, realizzato tra il 1665 e il 1696, grazie all\u2019alto messaggio affidatogli dal Fondatore, \u00e8 uno straordinario esempio di giardino simbolico interamente leggibile, di un gran giardino d\u2019acque in completa efficienza e oggi si presenta come uno dei pi\u00f9 estesi ed integri giardini d\u2019Epoca mondiali, che \u00e8 valso il primo premio come \u2018Il pi\u00f9 bel giardino d\u2019Italia\u2018 nel 2003 ed il terzo pi\u00f9 bello in Europa nel 2007. Il merito di ci\u00f2 va alle assidue cure dei Nobili Homini Barbarigo durante tutto il Sei e Settecento, nell\u2019Ottocento a quelle del Nobil Homo Michiel e, poi, dei Conti Martinengo da Barco, nei primi del Novecento dei Conti Don\u00e0 delle Rose e dal 1929 dei Nobili Pizzoni dei Conti Ardemani. Proprietari da tre generazioni della intera tenuta, Essi hanno riparato i disastri causati dalla occupazione militare e dal forzato abbandono dell\u2019ultima guerra ed hanno recentemente ripristinato tutti i trentatre punti d\u2019acqua del Giardino compromessi da ottanta anni di progressivo impoverimento sorgivo.<\/p>\n<p>[\/vc_column_text][\/vc_column][\/vc_row][vc_row bklyn_overlay=&#8221;true&#8221; parallax=&#8221;content-moving&#8221; css=&#8221;.vc_custom_1551531264883{padding-top: 150px !important;padding-bottom: 150px !important;background-image: url(https:\/\/www.valsanzibiogiardino.com\/wp-content\/uploads\/2018\/05\/slide05_cardodallavilla-1.jpg?id=15207) !important;background-position: center;background-repeat: no-repeat !important;background-size: cover !important;}&#8221; bklyn_overlay_color=&#8221;rgba(0, 0, 0, 0.25)&#8221;][vc_column][vc_empty_space height=&#8221;60px&#8221;][vc_column_text]<\/p>\n<p style=\"text-align: center;\"><strong><em><span style=\"color: #ffffff;\">&#8216;Volan col Tempo l\u2019Hore, e fuggon gli anni&#8217;<\/span><\/em><\/strong><\/p>\n<p style=\"text-align: center;\"><span style=\"color: #ffffff;\">Distico alla base della <a style=\"color: #ffffff;\" href=\"https:\/\/www.valsanzibiogiardino.com\/it\/il-giardino\/monumento-al-tempo\/\" target=\"_blank\" rel=\"noopener noreferrer\">Statua del Tempo<\/a><\/span><\/p>\n<p>[\/vc_column_text][vc_empty_space][\/vc_column][\/vc_row][vc_row gap=&#8221;1&#8243; equal_height=&#8221;yes&#8221;][vc_column][vc_row_inner css=&#8221;.vc_custom_1549222303249{padding-top: 0px !important;padding-bottom: 0px !important;}&#8221;][vc_column_inner][ut_title_divider_2 divider=&#8221;bklyn-divider-style-2&#8243; align=&#8221;center&#8221; font_source=&#8221;google&#8221; google_fonts=&#8221;font_family:Oswald%3A200%2C300%2Cregular%2C500%2C600%2C700|font_style:300%20light%20regular%3A300%3Anormal&#8221;]Note[\/ut_title_divider_2][\/vc_column_inner][\/vc_row_inner][vc_row_inner gap=&#8221;20&#8243; css=&#8221;.vc_custom_1644690243010{margin-top: 0px !important;margin-bottom: 0px !important;border-top-width: 0px !important;border-bottom-width: 0px !important;padding-top: 5px !important;padding-bottom: 5px !important;}&#8221;][vc_column_inner width=&#8221;1\/2&#8243;][vc_column_text]<\/p>\n<p style=\"font-size: 12px; text-align: justify;\"><em>1) Nel 1631 la famiglia Barbarigo, che era gi\u00e0 proprietaria di gran parte delle terre in Valsanzibio, ma non aveva ancora creato il giardino (1665-1696), si rifugi\u00f2 in questo luogo per fuggire al contagio della grande peste, la peste nera, che imperversava a Venezia ed in tutta Europa e che aveva gi\u00e0 ucciso Lucrezia Lion, moglie di Zuane Francesco Barbarigo. In questa occasione, Zuane Francesco Barbarigo fece un solenne voto a Nostro Signore che, se il resto della sua famiglia fosse stata risparmiata dalla terribile malattia, lui avrebbe fatto un opera grandiosa per commemorare e glorificare la grandezza di Dio; questo voto solenne fu fatto suo anche dal primogenito Gregorio che, per questo motivo, essendo stato esaudito nella sua richiesta, volle che il giardino di Valsanzibio non avesse solo uno scopo ludico, ma anche e, soprattutto, uno scopo spirituale.<\/em><\/p>\n<p>[\/vc_column_text][\/vc_column_inner][vc_column_inner width=&#8221;1\/2&#8243;][vc_column_text]<\/p>\n<p style=\"font-size: 12px; text-align: justify;\"><em>2)&nbsp;<strong><a href=\"https:\/\/it.wikipedia.org\/wiki\/Enrico_Merengo\" target=\"_blank\" rel=\"noopener noreferrer\">Enrico Merengo<\/a><\/strong>, (Vestfalia, 1628 \u2013 1723, incerte le date di nascita e di morte), un tempo considerato come fiammingo, viene ora con buona sicurezza identificato con lo scultore tedesco della Vestfalia Heinrich Meyring. \u00c8 nota la sua attivit\u00e0 come scultore a Venezia negli anni 1679-1714. \u00c8 considerato il migliore allievo dello scultore fiammingo Giusto Le Court (da Wikipedia) \u2013 A Valsanzibio: il giardino contiene ben settanta statue con motti didascalici incisi sul basamento, eseguite da Enrico Merengo, tra cui si ricordano la personificazione del Tempo, Endimione, Argo, Tifeo e Polifemo.<\/em><\/p>\n<p>[\/vc_column_text][\/vc_column_inner][\/vc_row_inner][\/vc_column][\/vc_row][\/vc_section][vc_row video_bg=&#8221;yes&#8221; bklyn_overlay=&#8221;true&#8221; bklyn_overlay_pattern=&#8221;true&#8221; bklyn_overlay_pattern_style=&#8221;bklyn-style-three&#8221; css=&#8221;.vc_custom_1549222588211{padding-top: 150px !important;padding-bottom: 150px !important;background-image: url(https:\/\/www.valsanzibiogiardino.com\/wp-content\/uploads\/2019\/01\/Map-background.jpg?id=18934) !important;background-position: center !important;background-repeat: no-repeat !important;background-size: cover !important;}&#8221; el_class=&#8221;mainTitleRow&#8221; video_bg_url=&#8221;https:\/\/youtu.be\/NF4at1JBaLA&#8221;][vc_column]<div class=\"wpb_content_element \"><style type=\"text\/css\"><\/style><header id=\"ut_header_69e7cbeb0c598\" class=\"section-header  ut-no-title-linebreak-mobile ut-no-lead-linebreak-mobile pt-style-2 header-center header-tablet-center header-mobile-center\"><h2 data-title=\"Visita Il Giardino Monumentale di Valsanzibio\"  data-responsive-font=\"section_title\" class=\"section-title  \"><span>Visita Il Giardino Monumentale di Valsanzibio<\/span><\/h2><\/header><\/div><style type=\"text\/css\">#bklyn_btn_69e7cbeb0cdfd .bklyn-btn { color:#ffffff !important; background-color:#195903 !important; }<\/style><div id=\"bklyn_btn_69e7cbeb0cdfd\" class=\"bklyn-btn-holder  bklyn-btn-center bklyn-btn-tablet-center bklyn-btn-mobile-center\"><a title=\"\"   href=\"https:\/\/www.valsanzibiogiardino.com\/it\/visite\/\" target=\"_blank\" class=\"bklyn-btn  bklyn-btn-normal\" ><span class=\"ut-btn-text\">INFO Visite<\/span><\/a><\/div>[\/vc_column][\/vc_row]<\/p>\n<\/div><!-- AddThis Advanced Settings generic via filter on the_content --><!-- AddThis Share Buttons generic via filter on the_content -->","protected":false},"excerpt":{"rendered":"<p>[vc_row video_bg=&#8221;yes&#8221; bklyn_overlay=&#8221;true&#8221; bklyn_overlay_pattern=&#8221;true&#8221; bklyn_overlay_pattern_style=&#8221;bklyn-style-three&#8221; css=&#8221;.vc_custom_1551111851849{padding-top: 50px !important;padding-bottom: 50px !important;background-image: url(https:\/\/www.valsanzibiogiardino.com\/wp-content\/uploads\/2019\/01\/Fountain-of-tricks-and-water.jpg?id=19009) !important;background-position: center !important;background-repeat: no-repeat !important;background-size: cover !important;}&#8221; video_bg_url=&#8221;https:\/\/youtu.be\/NF4at1JBaLA&#8221;][vc_column][\/vc_column][\/vc_row][vc_section][vc_row][vc_column][vc_column_text] Valsanzibio \u00e8 stato portato all\u2019attuale splendore nella seconda met\u00e0 del Seicento dal Nobile veneziano Zuane Francesco Barbarigo, aiutato dai figli Antonio e Gregorio. Fu proprio quest\u2019ultimo, il primogenito Gregorio, Cardinale, Vescovo di Padova e futuro Santo, [&hellip;]<!-- AddThis Advanced Settings generic via filter on get_the_excerpt --><!-- AddThis Share Buttons generic via filter on get_the_excerpt --><\/p>\n","protected":false},"author":12,"featured_media":0,"parent":0,"menu_order":0,"comment_status":"closed","ping_status":"closed","template":"","meta":{"_monsterinsights_skip_tracking":false,"_monsterinsights_sitenote_active":false,"_monsterinsights_sitenote_note":"","_monsterinsights_sitenote_category":0,"ngg_post_thumbnail":0,"footnotes":""},"class_list":["post-19938","page","type-page","status-publish","hentry"],"yoast_head":"<!-- This site is optimized with the Yoast SEO plugin v27.3 - https:\/\/yoast.com\/product\/yoast-seo-wordpress\/ -->\n<title>Storia - Giardino Storico di Valsanzibio | Villa Barbarigo Pizzoni Ardemani | Galzignano Terme, Padova<\/title>\n<meta name=\"robots\" content=\"index, follow, max-snippet:-1, max-image-preview:large, max-video-preview:-1\" \/>\n<link rel=\"canonical\" href=\"https:\/\/www.valsanzibiogiardino.com\/it\/storia\/\" \/>\n<meta name=\"twitter:label1\" content=\"Tempo di lettura stimato\" \/>\n\t<meta name=\"twitter:data1\" content=\"4 minuti\" \/>\n<script type=\"application\/ld+json\" class=\"yoast-schema-graph\">{\"@context\":\"https:\\\/\\\/schema.org\",\"@graph\":[{\"@type\":\"WebPage\",\"@id\":\"https:\\\/\\\/www.valsanzibiogiardino.com\\\/it\\\/storia\\\/\",\"url\":\"https:\\\/\\\/www.valsanzibiogiardino.com\\\/it\\\/storia\\\/\",\"name\":\"Storia - Giardino Storico di Valsanzibio | Villa Barbarigo Pizzoni Ardemani | Galzignano Terme, Padova\",\"isPartOf\":{\"@id\":\"https:\\\/\\\/www.valsanzibiogiardino.com\\\/it\\\/#website\"},\"datePublished\":\"2019-02-23T17:04:05+00:00\",\"dateModified\":\"2022-02-12T18:24:12+00:00\",\"breadcrumb\":{\"@id\":\"https:\\\/\\\/www.valsanzibiogiardino.com\\\/it\\\/storia\\\/#breadcrumb\"},\"inLanguage\":\"it-IT\",\"potentialAction\":[{\"@type\":\"ReadAction\",\"target\":[\"https:\\\/\\\/www.valsanzibiogiardino.com\\\/it\\\/storia\\\/\"]}]},{\"@type\":\"BreadcrumbList\",\"@id\":\"https:\\\/\\\/www.valsanzibiogiardino.com\\\/it\\\/storia\\\/#breadcrumb\",\"itemListElement\":[{\"@type\":\"ListItem\",\"position\":1,\"name\":\"Home\",\"item\":\"https:\\\/\\\/www.valsanzibiogiardino.com\\\/it\\\/\"},{\"@type\":\"ListItem\",\"position\":2,\"name\":\"Storia\"}]},{\"@type\":\"WebSite\",\"@id\":\"https:\\\/\\\/www.valsanzibiogiardino.com\\\/it\\\/#website\",\"url\":\"https:\\\/\\\/www.valsanzibiogiardino.com\\\/it\\\/\",\"name\":\"Giardino Storico di Valsanzibio | Villa Barbarigo Pizzoni Ardemani | Galzignano Terme, Padova\",\"description\":\"Il Giardino Storico di Valsanzibio si trova a Galzignano Terme, in provincia di Padova, ed \u00e8 uno dei pi\u00f9 estesi ed integri giardini d\u2019Epoca mondiali.\",\"potentialAction\":[{\"@type\":\"SearchAction\",\"target\":{\"@type\":\"EntryPoint\",\"urlTemplate\":\"https:\\\/\\\/www.valsanzibiogiardino.com\\\/it\\\/?s={search_term_string}\"},\"query-input\":{\"@type\":\"PropertyValueSpecification\",\"valueRequired\":true,\"valueName\":\"search_term_string\"}}],\"inLanguage\":\"it-IT\"}]}<\/script>\n<!-- \/ Yoast SEO plugin. -->","yoast_head_json":{"title":"Storia - Giardino Storico di Valsanzibio | Villa Barbarigo Pizzoni Ardemani | Galzignano Terme, Padova","robots":{"index":"index","follow":"follow","max-snippet":"max-snippet:-1","max-image-preview":"max-image-preview:large","max-video-preview":"max-video-preview:-1"},"canonical":"https:\/\/www.valsanzibiogiardino.com\/it\/storia\/","twitter_misc":{"Tempo di lettura stimato":"4 minuti"},"schema":{"@context":"https:\/\/schema.org","@graph":[{"@type":"WebPage","@id":"https:\/\/www.valsanzibiogiardino.com\/it\/storia\/","url":"https:\/\/www.valsanzibiogiardino.com\/it\/storia\/","name":"Storia - Giardino Storico di Valsanzibio | Villa Barbarigo Pizzoni Ardemani | Galzignano Terme, Padova","isPartOf":{"@id":"https:\/\/www.valsanzibiogiardino.com\/it\/#website"},"datePublished":"2019-02-23T17:04:05+00:00","dateModified":"2022-02-12T18:24:12+00:00","breadcrumb":{"@id":"https:\/\/www.valsanzibiogiardino.com\/it\/storia\/#breadcrumb"},"inLanguage":"it-IT","potentialAction":[{"@type":"ReadAction","target":["https:\/\/www.valsanzibiogiardino.com\/it\/storia\/"]}]},{"@type":"BreadcrumbList","@id":"https:\/\/www.valsanzibiogiardino.com\/it\/storia\/#breadcrumb","itemListElement":[{"@type":"ListItem","position":1,"name":"Home","item":"https:\/\/www.valsanzibiogiardino.com\/it\/"},{"@type":"ListItem","position":2,"name":"Storia"}]},{"@type":"WebSite","@id":"https:\/\/www.valsanzibiogiardino.com\/it\/#website","url":"https:\/\/www.valsanzibiogiardino.com\/it\/","name":"Giardino Storico di Valsanzibio | Villa Barbarigo Pizzoni Ardemani | Galzignano Terme, Padova","description":"Il Giardino Storico di Valsanzibio si trova a Galzignano Terme, in provincia di Padova, ed \u00e8 uno dei pi\u00f9 estesi ed integri giardini d\u2019Epoca mondiali.","potentialAction":[{"@type":"SearchAction","target":{"@type":"EntryPoint","urlTemplate":"https:\/\/www.valsanzibiogiardino.com\/it\/?s={search_term_string}"},"query-input":{"@type":"PropertyValueSpecification","valueRequired":true,"valueName":"search_term_string"}}],"inLanguage":"it-IT"}]}},"_links":{"self":[{"href":"https:\/\/www.valsanzibiogiardino.com\/it\/wp-json\/wp\/v2\/pages\/19938","targetHints":{"allow":["GET"]}}],"collection":[{"href":"https:\/\/www.valsanzibiogiardino.com\/it\/wp-json\/wp\/v2\/pages"}],"about":[{"href":"https:\/\/www.valsanzibiogiardino.com\/it\/wp-json\/wp\/v2\/types\/page"}],"author":[{"embeddable":true,"href":"https:\/\/www.valsanzibiogiardino.com\/it\/wp-json\/wp\/v2\/users\/12"}],"replies":[{"embeddable":true,"href":"https:\/\/www.valsanzibiogiardino.com\/it\/wp-json\/wp\/v2\/comments?post=19938"}],"version-history":[{"count":4,"href":"https:\/\/www.valsanzibiogiardino.com\/it\/wp-json\/wp\/v2\/pages\/19938\/revisions"}],"predecessor-version":[{"id":22280,"href":"https:\/\/www.valsanzibiogiardino.com\/it\/wp-json\/wp\/v2\/pages\/19938\/revisions\/22280"}],"wp:attachment":[{"href":"https:\/\/www.valsanzibiogiardino.com\/it\/wp-json\/wp\/v2\/media?parent=19938"}],"curies":[{"name":"wp","href":"https:\/\/api.w.org\/{rel}","templated":true}]}}